{"id":99,"date":"2021-03-15T14:02:27","date_gmt":"2021-03-15T14:02:27","guid":{"rendered":"https:\/\/www.gesunde-fermente.de\/?page_id=99"},"modified":"2021-04-21T11:47:15","modified_gmt":"2021-04-21T11:47:15","slug":"wieviel-man-koso","status":"publish","type":"page","link":"https:\/\/www.gesunde-fermente.de\/index.php\/wieviel-man-koso\/","title":{"rendered":"Wieviel?"},"content":{"rendered":"\n<p>Wieviel von diesen asiatisch fermentierten Energie-Quellen?<\/p>\n\n\n\n<p>Mehrj\u00e4hrig fermentierte Lebensmittel-Konzentrate setzen ganzheitlich an.<\/p>\n\n\n\n<p>Die nat\u00fcrliche Zusammensetzung der Ausgangsprodukte in Bio-Qualit\u00e4t bleibt erhalten. Der K\u00f6rper erkennt die Nahrungs-Vitalstoffe und kann sie daher verwerten. <\/p>\n\n\n\n<p>Rege Wechselwirkungen untereinander entfalten sich.<\/p>\n\n\n\n<p>Gesunde Darmflora, gesunder Mensch: <\/p>\n\n\n\n<p>Wie alle fermentierten Lebensmittel setzen auch mehrj\u00e4hrig asiatisch fermentierte Konzentrate im Darm mit ihrer Arbeit an. Da bereits  &#8222;verstoffwechselt&#8220; k\u00f6nnen sie \u00fcber die Mundschleimhaut partiell aufgenommen werden, passieren durch ihren im leicht sauren Bereich liegenden pH-Wert den Magen mit seiner S\u00e4ure und gelangen direkt in den Darm. Dort setzen die Lebend-Kulturen dann mit ihrer Arbeit an. <\/p>\n\n\n\n<p>Kleine Mengen, gro\u00dfe Wirkung.<\/p>\n\n\n\n<p>Der Mensch ben\u00f6tigt nur eine sehr geringe Menge der asiatischen Fermentations-Konzentrate.<\/p>\n\n\n\n<p>2-3 g pro Tag von diesem feinstofflichen, past\u00f6sen Super-Food sind vollkommen ausreichend zur allgemeinen Regenerierung und Gesunderhaltung. Je nach k\u00f6rperlichem Defizit kann und sollte die Menge bedarfsgerecht erh\u00f6ht werden. <\/p>\n\n\n\n<p>Eine Verwendung als Kur etwa 3-6 Monate, um eine Zellerneuerungsphase zu begleiten, dankt der K\u00f6rper mit strotzender (Widerstands-) Kraft.<\/p>\n\n\n\n<p>Zuviel davon ist nicht m\u00f6glich.<\/p>\n\n\n\n<p>Dank des ganzheitlichen Aufbaus vervollst\u00e4ndigen<strong> <\/strong>mehrj\u00e4hrig asiatisch fermentierte Lebensmittel-Konzentrate<strong> <\/strong>so eine ausgewogene Ern\u00e4hrung um das \u00dcberlebenswichtige, was ihr aufgrund der heutigen Umweltbedingungen und des Kochens abhanden gekommen ist.<\/p>\n\n\n\n<p>Fermentierte Konzentrate kurbeln die enzymatischen Prozesse an und liefern die wertvollen Aminos\u00e4uren so, wie sie auch in der Natur vorkommen. <\/p>\n\n\n\n<p>Das ist weltweit einzigartig:<\/p>\n\n\n\n<p>Die ausgewogene Vielfalt an fermentiertem Obst und Gem\u00fcse wirkt auf den Darm als optimal aufgeschl\u00fcsselte Vitalstoff-Essenz.<\/p>\n\n\n\n<p>Es entsteht durch diese mehrj\u00e4hrige Fermentation aus den Zutaten ein idealer \u201eMischwald\u201c an lebendigen N\u00e4hrstoffen f\u00fcr die Gesunderhaltung und Gesundung der Darmflora.<\/p>\n","protected":false},"excerpt":{"rendered":"<p>Wieviel von diesen asiatisch fermentierten Energie-Quellen? Mehrj\u00e4hrig fermentierte Lebensmittel-Konzentrate setzen ganzheitlich an. Die nat\u00fcrliche Zusammensetzung der Ausgangsprodukte in Bio-Qualit\u00e4t bleibt erhalten. Der K\u00f6rper erkennt die Nahrungs-Vitalstoffe und kann sie daher verwerten. Rege Wechselwirkungen untereinander entfalten sich. Gesunde Darmflora, gesunder Mensch: Wie alle fermentierten Lebensmittel setzen auch mehrj\u00e4hrig asiatisch fermentierte Konzentrate im Darm mit ihrer Arbeit&hellip; <a class=\"more-link\" href=\"https:\/\/www.gesunde-fermente.de\/index.php\/wieviel-man-koso\/\"><span class=\"screen-reader-text\">Wieviel?<\/span> weiterlesen<\/a><\/p>\n","protected":false},"author":1,"featured_media":0,"parent":0,"menu_order":0,"comment_status":"closed","ping_status":"closed","template":"","meta":{"footnotes":""},"class_list":["post-99","page","type-page","status-publish","hentry","entry"],"_links":{"self":[{"href":"https:\/\/www.gesunde-fermente.de\/index.php\/wp-json\/wp\/v2\/pages\/99","targetHints":{"allow":["GET"]}}],"collection":[{"href":"https:\/\/www.gesunde-fermente.de\/index.php\/wp-json\/wp\/v2\/pages"}],"about":[{"href":"https:\/\/www.gesunde-fermente.de\/index.php\/wp-json\/wp\/v2\/types\/page"}],"author":[{"embeddable":true,"href":"https:\/\/www.gesunde-fermente.de\/index.php\/wp-json\/wp\/v2\/users\/1"}],"replies":[{"embeddable":true,"href":"https:\/\/www.gesunde-fermente.de\/index.php\/wp-json\/wp\/v2\/comments?post=99"}],"version-history":[{"count":12,"href":"https:\/\/www.gesunde-fermente.de\/index.php\/wp-json\/wp\/v2\/pages\/99\/revisions"}],"predecessor-version":[{"id":289,"href":"https:\/\/www.gesunde-fermente.de\/index.php\/wp-json\/wp\/v2\/pages\/99\/revisions\/289"}],"wp:attachment":[{"href":"https:\/\/www.gesunde-fermente.de\/index.php\/wp-json\/wp\/v2\/media?parent=99"}],"curies":[{"name":"wp","href":"https:\/\/api.w.org\/{rel}","templated":true}]}}