{"id":88,"date":"2021-03-15T13:52:07","date_gmt":"2021-03-15T13:52:07","guid":{"rendered":"https:\/\/www.gesunde-fermente.de\/?page_id=88"},"modified":"2022-12-06T10:51:03","modified_gmt":"2022-12-06T10:51:03","slug":"was-ist-man-koso","status":"publish","type":"page","link":"https:\/\/www.gesunde-fermente.de\/index.php\/was-ist-man-koso\/","title":{"rendered":"Was sind&#8217;s?"},"content":{"rendered":"\n<p class=\"has-dark-gray-color has-text-color\">Super-Food, Lebensmittel, die leben. Ihr Motto lautet:<\/p>\n\n\n\n<p>Selbstheilung. Heilen Sie sich selbst.<\/p>\n\n\n\n<p>Und:<\/p>\n\n\n\n<p>Bleiben Sie ein Leben lang gesund!<\/p>\n\n\n\n<p>Der Schl\u00fcssel dazu liegt im Immunsystem.<\/p>\n\n\n\n<p>Fermentierte Lebensmittel sind eine gute M\u00f6glichkeit, sich erg\u00e4nzend gesund zu ern\u00e4hren, die Gesundheit zu st\u00e4rken und gesundheitliche Defizite zu beheben &#8211; \u00fcber die Optimierung des Immunsystems.<\/p>\n\n\n\n<p><\/p>\n\n\n\n<p>F\u00fcr fermentierte Lebensmittel-Konzentrate gilt:<\/p>\n\n\n\n<p>Je l\u00e4nger die Reifung,<\/p>\n\n\n\n<p>je schonender die einzelnen G\u00e4rprozesse,<\/p>\n\n\n\n<p>je hochwertiger die Starter-Kulturen,<\/p>\n\n\n\n<p>je vielf\u00e4ltiger die Ausgangsprodukte,<\/p>\n\n\n\n<p>desto h\u00f6her der therapeutische Wert.<\/p>\n\n\n\n<p>In drei bis f\u00fcnf Jahren gereifte Fermentations-Konzentrate haben den fl\u00fcssigen Zustand verlassen, sind past\u00f6s, denn nach einem l\u00e4nger als 1,5 Jahre w\u00e4hrenden Fermentations-Prozess ver\u00e4ndert sich der Zustand von fl\u00fcssig in past\u00f6s. <\/p>\n\n\n\n<p>Das am l\u00e4ngsten fl\u00fcssig fermentierte Lebensmittel ist ein Immun-Regulator namens Sieben-Schl\u00fcssel Kur. 18 Monate lang fermentiert entsteht ein sirup-artiges Konzentrat, aber eben noch in fl\u00fcssigem Zustand.<\/p>\n\n\n\n<p>Immer wieder aufs Neue werden dabei weit \u00fcber 40 Bio-Komponenten in einzelnen Fraktionen vergoren, bis eine bek\u00f6mmliche Vitalstoff-Paste entsteht.<\/p>\n\n\n\n<p>Jetzt erst ist die ausreichende Konzentration f\u00fcr die gesundheits-f\u00f6rderlichen Wirkungen erreicht.<\/p>\n\n\n\n<p>In der Konzentration steckt die geballte Kraft der Ausgangszutaten.<\/p>\n\n\n\n<p>Die einzigartige asiatische mehrj\u00e4hrige Fermentations-Methode garantiert:<\/p>\n\n\n\n<p>Die sehr fein aufgeschl\u00fcsselten Vitalstoffe gelangen unversehrt bis in die Zellen und sind zu 100 % bio-verf\u00fcgbar.<\/p>\n\n\n\n<p>In den Zellen sorgen sie f\u00fcr Lebensenergie.<\/p>\n\n\n\n<p><strong>Aminos\u00e4uren<\/strong> in diesen Vitalstoff-Konzentraten:<\/p>\n\n\n\n<p>Um nur ein mehrj\u00e4hrig fermentiertes Lebensmittel-Konzentrat zu nennen, in <strong>Man-Koso<\/strong> beispielsweise sind 18 von 20 f\u00fcr den Organismus lebens-wichtige Aminos\u00e4uren enthalten:<\/p>\n\n\n\n<p>Essentielle Aminos\u00e4uren<\/p>\n\n\n\n<p class=\"has-small-font-size\" style=\"line-height:0.5\">Isoleuzin&nbsp;74 mg\/100 g <\/p>\n\n\n\n<p class=\"has-small-font-size\" style=\"line-height:0.5\">Leuzin 130 mg\/100 g <\/p>\n\n\n\n<p class=\"has-small-font-size\" style=\"line-height:0.5\">Lysin 77 mg\/100 g<\/p>\n\n\n\n<p class=\"has-text-align-left has-small-font-size\" style=\"line-height:0.5\">Methionin 35 mg\/100 g <\/p>\n\n\n\n<p class=\"has-text-align-left has-small-font-size\" style=\"line-height:0.5\">Phenylalanin 85 mg\/100 g<\/p>\n\n\n\n<p class=\"has-text-align-left has-small-font-size\" style=\"line-height:0.5\">Threonin 67 mg\/100 g <\/p>\n\n\n\n<p class=\"has-text-align-left has-small-font-size\" style=\"line-height:0.5\">Tryptophan 19 mg\/100 g<\/p>\n\n\n\n<p class=\"has-text-align-left has-small-font-size\" style=\"line-height:0.5\">Valin 95 mg\/100 g<\/p>\n\n\n\n<p style=\"line-height:0.5\">Nicht-essentielle Aminos\u00e4uren<\/p>\n\n\n\n<p class=\"has-text-align-left has-small-font-size\" style=\"line-height:0.5\">Alanin 85 mg\/100 g       <\/p>\n\n\n\n<p class=\"has-text-align-left has-small-font-size\" style=\"line-height:0.5\">Glycin 65 mg\/100 g       <\/p>\n\n\n\n<p class=\"has-text-align-left has-small-font-size\" style=\"line-height:0.5\">Cystin 24 mg\/100 g       <\/p>\n\n\n\n<p class=\"has-text-align-left has-small-font-size\" style=\"line-height:0.5\">Histidin 45 mg\/100 g        <\/p>\n\n\n\n<p class=\"has-text-align-left has-small-font-size\" style=\"line-height:0.5\">Serin 82 mg\/100 g        &nbsp;&nbsp;&nbsp;&nbsp;<\/p>\n\n\n\n<p class=\"has-text-align-left has-small-font-size\" style=\"line-height:0.5\">Tyrosin 55 mg\/100 g        (essentiell f\u00fcr Kinder)<\/p>\n\n\n\n<p style=\"line-height:0.5\">Semi-essentielle Aminoas\u00e4uren<\/p>\n\n\n\n<p class=\"has-text-align-left has-small-font-size\" style=\"line-height:0.5\">Arginin 85 mg\/100           <\/p>\n\n\n\n<p class=\"has-text-align-left has-small-font-size\" style=\"line-height:0.5\">Aspargins\u00e4ure 240 mg\/100 g       <\/p>\n\n\n\n<p class=\"has-text-align-left has-small-font-size\" style=\"line-height:0.5\">Glutamins\u00e4ure 300 mg\/100 g        <\/p>\n\n\n\n<p class=\"has-text-align-left has-small-font-size\" style=\"line-height:0.5\">Prolin 110 mg\/100 g        <\/p>\n\n\n\n<p style=\"line-height:0.5\">Im Immun-Regulator <strong>Sieben-Schl\u00fcssel Kur<\/strong> sind an Aminos\u00e4uren<\/p>\n\n\n\n<p style=\"line-height:0.5\">enthalten:<\/p>\n\n\n\n<p style=\"line-height:0.5\"><strong>10 essentiellen Aminos\u00e4uren:<\/strong><\/p>\n\n\n\n<p style=\"line-height:0.5\">Methionin  5,43 mg\/100 g<\/p>\n\n\n\n<p class=\"has-text-align-left\" style=\"line-height:0.5\">Cystin  20,74 mg\/100 g<\/p>\n\n\n\n<p class=\"has-text-align-left\" style=\"line-height:0.5\">Threonin  8,73 mg\/100 g<\/p>\n\n\n\n<p style=\"line-height:0.5\">Tryptophan  7,52 mg\/100 g<\/p>\n\n\n\n<p style=\"line-height:0.5\">Tyrosin  7,97 mg\/100 g<\/p>\n\n\n\n<p style=\"line-height:0.5\">Lysin  21,65 mg\/100 g<\/p>\n\n\n\n<p style=\"line-height:0.5\">Leucin  7,12 mg\/100 g<\/p>\n\n\n\n<p style=\"line-height:0.5\">Isoleucin  7,11 mg\/100 g<\/p>\n\n\n\n<p style=\"line-height:0.5\">Valin  15 mg\/100 g<\/p>\n\n\n\n<p style=\"line-height:0.5\">Phenylalanin  8,87 mg\/100 g<\/p>\n\n\n\n<p style=\"line-height:0.5\">Arginin  12,87 mg\/100 g<\/p>\n\n\n\n<p style=\"line-height:0.5\">Histidin  38,05 mg\/100 g<\/p>\n\n\n\n<p style=\"line-height:0.5\">(Arginin und Histidin sind nur f\u00fcr S\u00e4uglinge essentiell)<\/p>\n\n\n\n<p style=\"line-height:0.5\"><strong>6 nicht-essentiellen Aminos\u00e4uren:<\/strong><\/p>\n\n\n\n<p style=\"line-height:0.5\">Alanin  24,77 mg\/100 g<\/p>\n\n\n\n<p style=\"line-height:0.5\">Asparagin  29,65 mg\/100 g<\/p>\n\n\n\n<p style=\"line-height:0.5\">Glutamin  46,65 mg\/100 g<\/p>\n\n\n\n<p style=\"line-height:0.5\">Glycin  10,02 mg\/100 g<\/p>\n\n\n\n<p style=\"line-height:0.5\">Prolin  85,05 mg\/100 g  <\/p>\n\n\n\n<p style=\"line-height:0.5\">Serin  8,67 mg\/100 g&nbsp;&nbsp;&nbsp;&nbsp;&nbsp;&nbsp;<\/p>\n\n\n\n<p><br>Durch die mehrj\u00e4hrige Fermentation sind die Bestandteile als Aminos\u00e4uren dem K\u00f6rper direkt auf nat\u00fcrliche Weise verf\u00fcgbar gemacht.<\/p>\n","protected":false},"excerpt":{"rendered":"<p>Super-Food, Lebensmittel, die leben. Ihr Motto lautet: Selbstheilung. Heilen Sie sich selbst. Und: Bleiben Sie ein Leben lang gesund! Der Schl\u00fcssel dazu liegt im Immunsystem. Fermentierte Lebensmittel sind eine gute M\u00f6glichkeit, sich erg\u00e4nzend gesund zu ern\u00e4hren, die Gesundheit zu st\u00e4rken und gesundheitliche Defizite zu beheben &#8211; \u00fcber die Optimierung des Immunsystems. F\u00fcr fermentierte Lebensmittel-Konzentrate gilt:&hellip; <a class=\"more-link\" href=\"https:\/\/www.gesunde-fermente.de\/index.php\/was-ist-man-koso\/\"><span class=\"screen-reader-text\">Was sind&#8217;s?<\/span> weiterlesen<\/a><\/p>\n","protected":false},"author":1,"featured_media":0,"parent":0,"menu_order":0,"comment_status":"closed","ping_status":"closed","template":"","meta":{"footnotes":""},"class_list":["post-88","page","type-page","status-publish","hentry","entry"],"_links":{"self":[{"href":"https:\/\/www.gesunde-fermente.de\/index.php\/wp-json\/wp\/v2\/pages\/88","targetHints":{"allow":["GET"]}}],"collection":[{"href":"https:\/\/www.gesunde-fermente.de\/index.php\/wp-json\/wp\/v2\/pages"}],"about":[{"href":"https:\/\/www.gesunde-fermente.de\/index.php\/wp-json\/wp\/v2\/types\/page"}],"author":[{"embeddable":true,"href":"https:\/\/www.gesunde-fermente.de\/index.php\/wp-json\/wp\/v2\/users\/1"}],"replies":[{"embeddable":true,"href":"https:\/\/www.gesunde-fermente.de\/index.php\/wp-json\/wp\/v2\/comments?post=88"}],"version-history":[{"count":39,"href":"https:\/\/www.gesunde-fermente.de\/index.php\/wp-json\/wp\/v2\/pages\/88\/revisions"}],"predecessor-version":[{"id":392,"href":"https:\/\/www.gesunde-fermente.de\/index.php\/wp-json\/wp\/v2\/pages\/88\/revisions\/392"}],"wp:attachment":[{"href":"https:\/\/www.gesunde-fermente.de\/index.php\/wp-json\/wp\/v2\/media?parent=88"}],"curies":[{"name":"wp","href":"https:\/\/api.w.org\/{rel}","templated":true}]}}