{"id":86,"date":"2021-03-15T13:57:31","date_gmt":"2021-03-15T13:57:31","guid":{"rendered":"https:\/\/www.gesunde-fermente.de\/?page_id=86"},"modified":"2022-12-06T10:57:41","modified_gmt":"2022-12-06T10:57:41","slug":"was-kann-man-koso","status":"publish","type":"page","link":"https:\/\/www.gesunde-fermente.de\/","title":{"rendered":"Was k\u00f6nnen&#8217;s?"},"content":{"rendered":"\n<p>Am besten, wir sehen uns das Blutbild eines \u201edurchschnittlich\u201c verschlackten Patienten im Dunkelfeldmikroskop an (Bild1). <\/p>\n\n\n\n<p>Was sich darstellt, sind geldrollenartig angeordnete Erythrozyten, die sogenannten roten Blutk\u00f6rperchen, die eigentlich alle separat im Blut schwimmen sollten, damit m\u00f6glichst viel Sauerstoff transportiert werden kann.<\/p>\n\n\n\n<p>Zudem sehen wir spinnwebartige Geflechte.<\/p>\n\n\n\n<p>Dies ist ein Hinweis auf eine Thrombose-Tendenz.<\/p>\n\n\n\n<p>Bild 1<\/p>\n\n\n\n<figure class=\"wp-block-image size-full is-style-default\"><img loading=\"lazy\" decoding=\"async\" width=\"1088\" height=\"806\" src=\"https:\/\/www.gesunde-fermente.de\/wp-content\/uploads\/2021\/03\/Dunkelfeldmikroskop-vorher.jpg\" alt=\"\" class=\"wp-image-91\" srcset=\"https:\/\/www.gesunde-fermente.de\/wp-content\/uploads\/2021\/03\/Dunkelfeldmikroskop-vorher.jpg 1088w, https:\/\/www.gesunde-fermente.de\/wp-content\/uploads\/2021\/03\/Dunkelfeldmikroskop-vorher-300x222.jpg 300w, https:\/\/www.gesunde-fermente.de\/wp-content\/uploads\/2021\/03\/Dunkelfeldmikroskop-vorher-1024x759.jpg 1024w, https:\/\/www.gesunde-fermente.de\/wp-content\/uploads\/2021\/03\/Dunkelfeldmikroskop-vorher-768x569.jpg 768w\" sizes=\"auto, (max-width: 1088px) 100vw, 1088px\" \/><\/figure>\n\n\n\n<p>Nach der Einnahme \u00fcber einige Monate von mehrj\u00e4hrig asiatisch fermentierten Lebensmitteln als Konzentrat zeigt sich ein v\u00f6llig anderes Bild (Bild 2):<\/p>\n\n\n\n<p>Die Blutk\u00f6rperchen liegen jetzt nebeneinander und die \u201eSpinnweben\u201c sind verschwunden.<\/p>\n\n\n\n<p>Bild 2<\/p>\n\n\n\n<figure class=\"wp-block-image size-large is-resized is-style-default\"><img loading=\"lazy\" decoding=\"async\" src=\"https:\/\/www.gesunde-fermente.de\/wp-content\/uploads\/2021\/03\/Dunkelfeldmikroskop-nachher-1024x761.jpg\" alt=\"\" class=\"wp-image-92\" width=\"611\" height=\"454\"\/><\/figure>\n\n\n\n<p>Bei regelm\u00e4\u00dfig grammweisem Verzehr l\u00e4sst sich der gesamte Stoffwechsel verbessern, so dass die unterschiedlichsten Beschwerden g\u00fcnstig beeinflusst werden. Allerdings sollten wir erg\u00e4nzend auch unsere Lebensgewohnheiten \u00fcberdenken.<\/p>\n\n\n\n<p>Hochkar\u00e4tige Bausteine des Lebens<\/p>\n\n\n\n<p>Ohne Aminos\u00e4uren funktioniert der K\u00f6rper nicht. Es sind die kleinsten Bausteine, die das Leben \u00fcberhaupt m\u00f6glich machen. Als mehrkettige Molek\u00fcle reagieren sie untereinander und\/oder setzen sich zu Enzymen zusammen. In den Zellkernen erzeugen jene die Lebensenergie. Man braucht die Enzyme zum Aufbau, zur Entgiftung, zur Regeneration \u2013 f\u00fcr jeden Prozess und Funktionskreislauf des Organismus.<\/p>\n\n\n\n<p>Fast jede Krankheit l\u00e4sst sich auf einen Aminos\u00e4uren- oder Enzymmangel zur\u00fcckf\u00fchren.<\/p>\n\n\n\n<p>Mit den lebendigen, fermentierten Aminos\u00e4uren, die der K\u00f6rper aufgrund ihrer nat\u00fcrlichen Zusammensetzung erkennen kann, haben wir die M\u00f6glichkeit, unsere Ern\u00e4hrung so zu veredeln, dass sie zu einem Heilmittel, einem Jungbrunnen wird.<\/p>\n\n\n\n<p>Lebensmittel, die leben, in denen sich tausendfach Fermente tummeln, beugen auch dem Altern vor und erhalten die geistige und k\u00f6rperliche Fitness.<\/p>\n\n\n\n<p>Asiatische Fermentation beseitigt allergische Reaktionen.<\/p>\n\n\n\n<p>Die Asiatische Fermentation bewirkt, dass Zutaten, die vom K\u00f6rper individuell nicht gut vertragen werden k\u00f6nnen &#8211; wie beispielsweise Wurzeln, N\u00fcsse, Gem\u00fcse oder Fr\u00fcchte &#8211; durch die Aufspaltung in ihre bio-verf\u00fcgbaren Vitalstoffe bek\u00f6mmlich sind. <\/p>\n\n\n\n<p>Die allergie-ausl\u00f6senden Proteine werden bis zu den Aminos\u00e4uren aufgeschlossen und wirken dann nicht mehr allergen. Allergische Reaktionen auf einzelne Ausgangstoffe bleiben aus. <\/p>\n\n\n\n<p>Der K\u00f6rper verwertet nur deren hochwertige umgewandelte, bereits verstoffwechselte N\u00e4hrstoffenergie.<\/p>\n\n\n\n<p>Das Besondere: <\/p>\n\n\n\n<p>Keine Allergischen Reaktionen mehr auf die Ausgangsprodukte.<\/p>\n\n\n\n<h2 class=\"wp-block-heading\">Was k\u00f6nnen sie denn warum?<\/h2>\n\n\n\n<p class=\"has-green-background-color has-background\">Trotz der langen Fermentationszeit sind die enzymreichen Zutaten dennoch weiterhin vitaminhaltig. Das haben sie der schonenden Verarbeitungsweise zu verdanken. <strong>So enthalten die asiatischen Vitalstoff-Konentrate die Vitamine A, B1, B2, B3, B5, B6, B7, B9, B12, C, D, E, K. Zudem liefern sie die Spurenelemente und Mineralstoffe Kalzium, Eisen, Phosphor, Natrium, Kalium, Magnesium, Kupfer., Jod und Zink.<\/strong> Dass dadurch der Energiestoffwechel gest\u00e4rkt, die Herzgesndheit gef\u00f6rdert, die Bildung roter Blutk\u00f6rperchen angeregt, die Blutgerinnung reguliert, der Sauerstoff-Transport im Blut gef\u00f6rdert, das Immunsystem optimiert wird, ist dadurch noch leichter zu erkl\u00e4ren und belegen. Als Allrounder f\u00fcr das Wohlbefindenkann dieses Elixier auch Haut, Knochen und Haare st\u00e4rken. Die Konzentration wird gef\u00f6rdert, die Hirn-Leistung verbessert. Vitamin E und Kupfer sind als Freie Radikalenf\u00e4nger Antioxidantien erwiesen und bekommen dem Organismus in dieser funktion sehr zugute. Die Unverzichtbarkeit von Vitamin B f\u00fcr die Lebensfunktionen steht au\u00dfer Zweifel. Es verwundert auch aus diesem Grund nicht, dass die fermentierten Konzentrate den K\u00f6rper mit Leben und Energie f\u00fcllen.<\/p>\n\n\n\n<p><\/p>\n","protected":false},"excerpt":{"rendered":"<p>Am besten, wir sehen uns das Blutbild eines \u201edurchschnittlich\u201c verschlackten Patienten im Dunkelfeldmikroskop an (Bild1). Was sich darstellt, sind geldrollenartig angeordnete Erythrozyten, die sogenannten roten Blutk\u00f6rperchen, die eigentlich alle separat im Blut schwimmen sollten, damit m\u00f6glichst viel Sauerstoff transportiert werden kann. Zudem sehen wir spinnwebartige Geflechte. Dies ist ein Hinweis auf eine Thrombose-Tendenz. Bild 1&hellip; <a class=\"more-link\" href=\"https:\/\/www.gesunde-fermente.de\/\"><span class=\"screen-reader-text\">Was k\u00f6nnen&#8217;s?<\/span> weiterlesen<\/a><\/p>\n","protected":false},"author":1,"featured_media":0,"parent":0,"menu_order":0,"comment_status":"closed","ping_status":"closed","template":"","meta":{"footnotes":""},"class_list":["post-86","page","type-page","status-publish","hentry","entry"],"_links":{"self":[{"href":"https:\/\/www.gesunde-fermente.de\/index.php\/wp-json\/wp\/v2\/pages\/86","targetHints":{"allow":["GET"]}}],"collection":[{"href":"https:\/\/www.gesunde-fermente.de\/index.php\/wp-json\/wp\/v2\/pages"}],"about":[{"href":"https:\/\/www.gesunde-fermente.de\/index.php\/wp-json\/wp\/v2\/types\/page"}],"author":[{"embeddable":true,"href":"https:\/\/www.gesunde-fermente.de\/index.php\/wp-json\/wp\/v2\/users\/1"}],"replies":[{"embeddable":true,"href":"https:\/\/www.gesunde-fermente.de\/index.php\/wp-json\/wp\/v2\/comments?post=86"}],"version-history":[{"count":17,"href":"https:\/\/www.gesunde-fermente.de\/index.php\/wp-json\/wp\/v2\/pages\/86\/revisions"}],"predecessor-version":[{"id":395,"href":"https:\/\/www.gesunde-fermente.de\/index.php\/wp-json\/wp\/v2\/pages\/86\/revisions\/395"}],"wp:attachment":[{"href":"https:\/\/www.gesunde-fermente.de\/index.php\/wp-json\/wp\/v2\/media?parent=86"}],"curies":[{"name":"wp","href":"https:\/\/api.w.org\/{rel}","templated":true}]}}