{"id":294,"date":"2021-04-21T13:04:46","date_gmt":"2021-04-21T13:04:46","guid":{"rendered":"https:\/\/www.gesunde-fermente.de\/?page_id=294"},"modified":"2022-04-04T14:00:44","modified_gmt":"2022-04-04T14:00:44","slug":"erfolgte-anwendungen","status":"publish","type":"page","link":"https:\/\/www.gesunde-fermente.de\/index.php\/erfolgte-anwendungen\/","title":{"rendered":"Wo wirken&#8217;s"},"content":{"rendered":"\n<p>Es berichten nicht nur sehr betagte Konsumenten, eine davon mit 102 Jahren, sie schw\u00f6ren auf diese Fermente seit Jahren und f\u00fchren ihr Wohlbefinden und ihre Energie gr\u00f6\u00dftenteils darauf zur\u00fcck.<\/p>\n\n\n\n<p>Tumor-Patienten erz\u00e4hlen, dass auch Operationen in fortgeschrittenen Stadien kraftvoll \u00fcberstanden wurden. Auch die Regeneration nach der Operation ging schnell voran. Einige schw\u00e4rmen,  ihre Tumore seien &#8222;weg geschmolzen&#8220;und verschwunden.<\/p>\n\n\n\n<p>Schuppenflechte, Psoriasis, Neurodermitis haben verschiedene Ursachen, aber Fermente liefern gerade das, was dem K\u00f6rper in dem Moment fehlte, als und diese Hautkrankheit als Symptom ausgel\u00f6st wurde.<\/p>\n\n\n\n<p>Lebensverl\u00e4ngernd wirken k\u00f6nnen diese Fermente gerade bei bereits schulmedizinisch austherapierten und oftmals hoffnungslosen F\u00e4llen.<\/p>\n\n\n\n<p>Manch eine Patienten lief von Arzt zu Arzt, um ihre Entz\u00fcndungswerte erfolgreich zu kurieren, f\u00fcr fermentierte Enzym- und Aminos\u00e4uren-Konzentrate eine gut zu bew\u00e4ltigende Aufgabe.<\/p>\n\n\n\n<p>Heilpraktikerin Marika k\u00e4mpfte nach einer Geb\u00e4rmutter OP selbst gegen starke Blutungen, ihrer Aussage nach konnten allein diese Fermente Ihre Blutungen stoppen.<\/p>\n\n\n\n<p>Eine vorzeitige \u00d6ffnung des Muttermundes und das damit verbundene Risiko einer Fehl- oder Fr\u00fchgeburt zu vermeiden, ist an sich die &#8222;Geburtststunde&#8220; der mehrj\u00e4hrig fermentierten Konzentrate. Der Wunsch, Schwangere zu st\u00e4rken und sie gesunde Kinder zur Welt bringen zu lassen, stand hinter der Entwicklung dieser Fermente.<\/p>\n\n\n\n<p>Die St\u00e4rkung der Neugeborenen auch \u00fcber die Muttermilch, und das Abwenden schmerzhafter Bl\u00e4hungen &#8222;empfinden&#8220; die Fermente als ihre &#8222;Bestimmung&#8220;.<\/p>\n\n\n\n<p>Gesunderhalter und Energielieferanten sind fermentierte Konzentrate durch ihre Feinstofflichkeit und h\u00f6chste Bioverf\u00fcgbarkeit.<\/p>\n\n\n\n<p>Heilungshelfer und Schnell-Kuratoren: Vor und nach Eingriffen wird der K\u00f6rper gest\u00e4rkt und kann sich schneller regenerieren, egal, wo am K\u00f6rper Operationen unvermeidbar sind.<\/p>\n\n\n\n<p>Makula-Degeneration, sei sie trocken oder feucht, die fermentierten Konzentrate helfen dem K\u00f6rper sich zur Wehr zu setzen und den Therapie-Erfolg zu verst\u00e4rken.<\/p>\n\n\n\n<p>Selbst bei schweren Therapien, wie Chemotherapien, berichten Betroffene von Therpie-Erfolgen und nur noch geringen Nebenwirkungen, aber von einer sehr schneller Erholung danach.<\/p>\n\n\n\n<p><\/p>\n","protected":false},"excerpt":{"rendered":"<p>Es berichten nicht nur sehr betagte Konsumenten, eine davon mit 102 Jahren, sie schw\u00f6ren auf diese Fermente seit Jahren und f\u00fchren ihr Wohlbefinden und ihre Energie gr\u00f6\u00dftenteils darauf zur\u00fcck. Tumor-Patienten erz\u00e4hlen, dass auch Operationen in fortgeschrittenen Stadien kraftvoll \u00fcberstanden wurden. Auch die Regeneration nach der Operation ging schnell voran. Einige schw\u00e4rmen, ihre Tumore seien &#8222;weg&hellip; <a class=\"more-link\" href=\"https:\/\/www.gesunde-fermente.de\/index.php\/erfolgte-anwendungen\/\"><span class=\"screen-reader-text\">Wo wirken&#8217;s<\/span> weiterlesen<\/a><\/p>\n","protected":false},"author":1,"featured_media":0,"parent":0,"menu_order":0,"comment_status":"closed","ping_status":"closed","template":"","meta":{"footnotes":""},"class_list":["post-294","page","type-page","status-publish","hentry","entry"],"_links":{"self":[{"href":"https:\/\/www.gesunde-fermente.de\/index.php\/wp-json\/wp\/v2\/pages\/294","targetHints":{"allow":["GET"]}}],"collection":[{"href":"https:\/\/www.gesunde-fermente.de\/index.php\/wp-json\/wp\/v2\/pages"}],"about":[{"href":"https:\/\/www.gesunde-fermente.de\/index.php\/wp-json\/wp\/v2\/types\/page"}],"author":[{"embeddable":true,"href":"https:\/\/www.gesunde-fermente.de\/index.php\/wp-json\/wp\/v2\/users\/1"}],"replies":[{"embeddable":true,"href":"https:\/\/www.gesunde-fermente.de\/index.php\/wp-json\/wp\/v2\/comments?post=294"}],"version-history":[{"count":5,"href":"https:\/\/www.gesunde-fermente.de\/index.php\/wp-json\/wp\/v2\/pages\/294\/revisions"}],"predecessor-version":[{"id":347,"href":"https:\/\/www.gesunde-fermente.de\/index.php\/wp-json\/wp\/v2\/pages\/294\/revisions\/347"}],"wp:attachment":[{"href":"https:\/\/www.gesunde-fermente.de\/index.php\/wp-json\/wp\/v2\/media?parent=294"}],"curies":[{"name":"wp","href":"https:\/\/api.w.org\/{rel}","templated":true}]}}