{"id":156,"date":"2021-03-18T13:33:30","date_gmt":"2021-03-18T13:33:30","guid":{"rendered":"https:\/\/www.gesunde-fermente.de\/?page_id=156"},"modified":"2021-04-20T13:57:19","modified_gmt":"2021-04-20T13:57:19","slug":"impressum","status":"publish","type":"page","link":"https:\/\/www.gesunde-fermente.de\/index.php\/impressum\/","title":{"rendered":"Impressum"},"content":{"rendered":"\n<p class=\"has-extra-small-font-size\">Nat\u00fcrlich Gesund e.V. &#8211; Berufsverband Wettbewerbsverband<\/p>\n\n\n\n<p class=\"has-extra-small-font-size\">K\u00f6dderitzsch 33<\/p>\n\n\n\n<p class=\"has-extra-small-font-size\">99518 Bad Sulza <\/p>\n\n\n\n<p class=\"has-extra-small-font-size\">Deutschland<\/p>\n\n\n\n<p class=\"has-extra-small-font-size\">Eingetragener Verein, Sitz 90610 Winkelhaid<\/p>\n\n\n\n<p class=\"has-extra-small-font-size\">www.nat\u00fcrlich-gesund.international<\/p>\n\n\n\n<p class=\"has-extra-small-font-size\">info@nat\u00fcrlich-gesund.international<\/p>\n\n\n\n<p class=\"has-extra-small-font-size\">Umsatzsteuer Identit\u00e4tsnummer: umsatzsteuerbefreit<\/p>\n\n\n\n<p class=\"has-extra-small-font-size\">Steuernummer und Finanzamt: N\u00fcrnberg<\/p>\n\n\n\n<p class=\"has-extra-small-font-size\">Berufsgruppe: Berufs- und Wettbewerbsverband, Akademie<\/p>\n\n\n\n<p class=\"has-extra-small-font-size\">Rechts- und Fachaufsicht: zust\u00e4ndige Abteilungen des Sozialministeriums<\/p>\n\n\n\n<p class=\"has-extra-small-font-size\">Berufsverband: Nat\u00fcrlich Gesund e.V.<\/p>\n\n\n\n<p class=\"has-extra-small-font-size\">Haftpflichtversicherung: Saarlandversicherung AG<\/p>\n\n\n\n<p class=\"has-extra-small-font-size\">Schlichtungsstelle: Es gibt ein EU Schlichtungsverfahren. Wir nehmen mit unserem Verein daran nicht teil. Wenn Sie sich beschweren wollen, wenden Sie sich bitte direkt an uns.<\/p>\n","protected":false},"excerpt":{"rendered":"<p>Nat\u00fcrlich Gesund e.V. &#8211; Berufsverband Wettbewerbsverband K\u00f6dderitzsch 33 99518 Bad Sulza Deutschland Eingetragener Verein, Sitz 90610 Winkelhaid www.nat\u00fcrlich-gesund.international info@nat\u00fcrlich-gesund.international Umsatzsteuer Identit\u00e4tsnummer: umsatzsteuerbefreit Steuernummer und Finanzamt: N\u00fcrnberg Berufsgruppe: Berufs- und Wettbewerbsverband, Akademie Rechts- und Fachaufsicht: zust\u00e4ndige Abteilungen des Sozialministeriums Berufsverband: Nat\u00fcrlich Gesund e.V. Haftpflichtversicherung: Saarlandversicherung AG Schlichtungsstelle: Es gibt ein EU Schlichtungsverfahren. Wir nehmen mit unserem&hellip; <a class=\"more-link\" href=\"https:\/\/www.gesunde-fermente.de\/index.php\/impressum\/\"><span class=\"screen-reader-text\">Impressum<\/span> weiterlesen<\/a><\/p>\n","protected":false},"author":1,"featured_media":0,"parent":0,"menu_order":0,"comment_status":"closed","ping_status":"closed","template":"","meta":{"footnotes":""},"class_list":["post-156","page","type-page","status-publish","hentry","entry"],"_links":{"self":[{"href":"https:\/\/www.gesunde-fermente.de\/index.php\/wp-json\/wp\/v2\/pages\/156","targetHints":{"allow":["GET"]}}],"collection":[{"href":"https:\/\/www.gesunde-fermente.de\/index.php\/wp-json\/wp\/v2\/pages"}],"about":[{"href":"https:\/\/www.gesunde-fermente.de\/index.php\/wp-json\/wp\/v2\/types\/page"}],"author":[{"embeddable":true,"href":"https:\/\/www.gesunde-fermente.de\/index.php\/wp-json\/wp\/v2\/users\/1"}],"replies":[{"embeddable":true,"href":"https:\/\/www.gesunde-fermente.de\/index.php\/wp-json\/wp\/v2\/comments?post=156"}],"version-history":[{"count":4,"href":"https:\/\/www.gesunde-fermente.de\/index.php\/wp-json\/wp\/v2\/pages\/156\/revisions"}],"predecessor-version":[{"id":265,"href":"https:\/\/www.gesunde-fermente.de\/index.php\/wp-json\/wp\/v2\/pages\/156\/revisions\/265"}],"wp:attachment":[{"href":"https:\/\/www.gesunde-fermente.de\/index.php\/wp-json\/wp\/v2\/media?parent=156"}],"curies":[{"name":"wp","href":"https:\/\/api.w.org\/{rel}","templated":true}]}}